{"id":212,"date":"2026-01-15T03:39:21","date_gmt":"2026-01-15T03:39:21","guid":{"rendered":"http:\/\/alfacuatro.com.dream.website\/?page_id=212"},"modified":"2026-01-15T03:49:26","modified_gmt":"2026-01-15T03:49:26","slug":"sample-page-2-3","status":"publish","type":"page","link":"https:\/\/alfacuatro.com\/?page_id=212","title":{"rendered":"C\u00f3mo influye lo que hacemos"},"content":{"rendered":"\n<style type=\"text\/css\" data-created_by=\"avia_inline_auto\" id=\"style-css-av-mketo056-ae4ae46c751fe1250870b8ef747c5bcc\">\n.avia-section.av-mketo056-ae4ae46c751fe1250870b8ef747c5bcc{\nbackground-repeat:no-repeat;\nbackground-image:url(https:\/\/alfacuatro.com\/wp-content\/uploads\/2015\/06\/mujer.jpg);\nbackground-position:0% 0%;\nbackground-attachment:scroll;\n}\n.avia-section.av-mketo056-ae4ae46c751fe1250870b8ef747c5bcc .av-section-color-overlay{\nopacity:0.3;\nbackground-color:#0a0a0a;\n}\n<\/style>\n<div id='av_section_1'  class='avia-section av-mketo056-ae4ae46c751fe1250870b8ef747c5bcc main_color avia-section-default avia-no-border-styling  avia-builder-el-0  el_before_av_textblock  avia-builder-el-first  avia-full-stretch avia-bg-style-scroll av-section-color-overlay-active av-minimum-height av-minimum-height-25 av-height-25  container_wrap fullsize'  data-section-bg-repeat='stretch' data-av_minimum_height_pc='25' data-av_min_height_opt='25'><div class=\"av-section-color-overlay-wrap\"><div class=\"av-section-color-overlay\"><\/div><div class='container av-section-cont-open' ><main  role=\"main\" itemprop=\"mainContentOfPage\"  class='template-page content  av-content-full alpha units'><div class='post-entry post-entry-type-page post-entry-212'><div class='entry-content-wrapper clearfix'>\n\n<style type=\"text\/css\" data-created_by=\"avia_inline_auto\" id=\"style-css-av-mketn2uc-3e78542bab5d58dbb554d38d79ee2617\">\n#top .av_textblock_section.av-mketn2uc-3e78542bab5d58dbb554d38d79ee2617 .avia_textblock{\ntext-align:center;\n}\n<\/style>\n<section  class='av_textblock_section av-mketn2uc-3e78542bab5d58dbb554d38d79ee2617 '   itemscope=\"itemscope\" itemtype=\"https:\/\/schema.org\/CreativeWork\" ><div class='avia_textblock'  itemprop=\"text\" ><h1>C\u00f3mo influye lo que hacemos<\/h1>\n<\/div><\/section>\n<\/div><\/div><\/main><!-- close content main element --><\/div><\/div><\/div><div id='after_section_1'  class='main_color av_default_container_wrap container_wrap fullsize'  ><div class='container av-section-cont-open' ><div class='template-page content  av-content-full alpha units'><div class='post-entry post-entry-type-page post-entry-212'><div class='entry-content-wrapper clearfix'>\n<section  class='av_textblock_section av-7oimm-71c6bd9a5b83000313461957b0d01d44 '   itemscope=\"itemscope\" itemtype=\"https:\/\/schema.org\/CreativeWork\" ><div class='avia_textblock'  itemprop=\"text\" ><div class=\"entry-content container clearfix\">\n<p><strong>Transfomando tu personalidad.<\/strong> El impacto visual es la primera proyecci\u00f3n de lo que transmite tu empresa o producto. \u00bfTe has preguntado c\u00f3mo te perciben tus clientes?<\/p>\n<p><strong>Causando magn\u00edfica impresi\u00f3n.<\/strong> Compartimos la idea de que cada necesidad exige una resoluci\u00f3n espec\u00edfica y en los servicios que ofrecemos est\u00e1 la m\u00e1s indicada.<\/p>\n<p><strong>Haciendo que tu negocio crezca.<\/strong> Buscamos soluciones de comunicaci\u00f3n que den resultados a corto plazo y con un aprovechamiento m\u00e1ximo de tu inversi\u00f3n.<\/p>\n<\/div>\n<\/div><\/section>\n","protected":false},"excerpt":{"rendered":"<p>Alfa. EL INICIO. El comienzo de una obra, la idea m\u00e1s brillante, proyecto en potencia, coeficiente significativo, soluci\u00f3n inteligente, funcionalidad, transparencia y unidad, entre otras.<\/p>\n","protected":false},"author":1,"featured_media":61,"parent":0,"menu_order":0,"comment_status":"closed","ping_status":"closed","template":"","meta":{"footnotes":""},"class_list":["post-212","page","type-page","status-publish","has-post-thumbnail","hentry"],"_links":{"self":[{"href":"https:\/\/alfacuatro.com\/index.php?rest_route=\/wp\/v2\/pages\/212","targetHints":{"allow":["GET"]}}],"collection":[{"href":"https:\/\/alfacuatro.com\/index.php?rest_route=\/wp\/v2\/pages"}],"about":[{"href":"https:\/\/alfacuatro.com\/index.php?rest_route=\/wp\/v2\/types\/page"}],"author":[{"embeddable":true,"href":"https:\/\/alfacuatro.com\/index.php?rest_route=\/wp\/v2\/users\/1"}],"replies":[{"embeddable":true,"href":"https:\/\/alfacuatro.com\/index.php?rest_route=%2Fwp%2Fv2%2Fcomments&post=212"}],"version-history":[{"count":4,"href":"https:\/\/alfacuatro.com\/index.php?rest_route=\/wp\/v2\/pages\/212\/revisions"}],"predecessor-version":[{"id":216,"href":"https:\/\/alfacuatro.com\/index.php?rest_route=\/wp\/v2\/pages\/212\/revisions\/216"}],"wp:featuredmedia":[{"embeddable":true,"href":"https:\/\/alfacuatro.com\/index.php?rest_route=\/wp\/v2\/media\/61"}],"wp:attachment":[{"href":"https:\/\/alfacuatro.com\/index.php?rest_route=%2Fwp%2Fv2%2Fmedia&parent=212"}],"curies":[{"name":"wp","href":"https:\/\/api.w.org\/{rel}","templated":true}]}}