{"id":206,"date":"2026-01-15T03:35:02","date_gmt":"2026-01-15T03:35:02","guid":{"rendered":"http:\/\/alfacuatro.com.dream.website\/?page_id=206"},"modified":"2026-01-15T03:49:05","modified_gmt":"2026-01-15T03:49:05","slug":"sample-page-2-2","status":"publish","type":"page","link":"https:\/\/alfacuatro.com\/?page_id=206","title":{"rendered":"Resultados"},"content":{"rendered":"\n<style type=\"text\/css\" data-created_by=\"avia_inline_auto\" id=\"style-css-av-mketo056-05bc2469698ef7a9edc3f8ef1e767551\">\n.avia-section.av-mketo056-05bc2469698ef7a9edc3f8ef1e767551{\nbackground-repeat:no-repeat;\nbackground-image:url(https:\/\/alfacuatro.com\/wp-content\/uploads\/2015\/06\/leon.jpg);\nbackground-position:0% 0%;\nbackground-attachment:scroll;\n}\n<\/style>\n<div id='av_section_1'  class='avia-section av-mketo056-05bc2469698ef7a9edc3f8ef1e767551 main_color avia-section-default avia-no-border-styling  avia-builder-el-0  el_before_av_textblock  avia-builder-el-first  avia-full-stretch avia-bg-style-scroll av-minimum-height av-minimum-height-25 av-height-25  container_wrap fullsize'  data-section-bg-repeat='stretch' data-av_minimum_height_pc='25' data-av_min_height_opt='25'><div class='container av-section-cont-open' ><main  role=\"main\" itemprop=\"mainContentOfPage\"  class='template-page content  av-content-full alpha units'><div class='post-entry post-entry-type-page post-entry-206'><div class='entry-content-wrapper clearfix'>\n\n<style type=\"text\/css\" data-created_by=\"avia_inline_auto\" id=\"style-css-av-mketn2uc-3e78542bab5d58dbb554d38d79ee2617\">\n#top .av_textblock_section.av-mketn2uc-3e78542bab5d58dbb554d38d79ee2617 .avia_textblock{\ntext-align:center;\n}\n<\/style>\n<section  class='av_textblock_section av-mketn2uc-3e78542bab5d58dbb554d38d79ee2617 '   itemscope=\"itemscope\" itemtype=\"https:\/\/schema.org\/CreativeWork\" ><div class='avia_textblock'  itemprop=\"text\" ><h1>Resultados<\/h1>\n<\/div><\/section>\n<\/div><\/div><\/main><!-- close content main element --><\/div><\/div><div id='after_section_1'  class='main_color av_default_container_wrap container_wrap fullsize'  ><div class='container av-section-cont-open' ><div class='template-page content  av-content-full alpha units'><div class='post-entry post-entry-type-page post-entry-206'><div class='entry-content-wrapper clearfix'>\n<section  class='av_textblock_section av-7oimm-71c6bd9a5b83000313461957b0d01d44 '   itemscope=\"itemscope\" itemtype=\"https:\/\/schema.org\/CreativeWork\" ><div class='avia_textblock'  itemprop=\"text\" ><div class=\"entry-content container clearfix\">\n<p>Alfa Cuatro Comunicaci\u00f3n nace inspirada, esencialmente, por un deseo colectivo de hacer lo que m\u00e1s nos llena como profesionales, pero sobre todo, por la incomparable satisfacci\u00f3n de servir a nuestros clientes y recibir su reconocimiento con un: \u201cJusto lo quer\u00edamos. \u00a1Gracias!\u201d.<\/p>\n<\/div>\n<\/div><\/section>\n","protected":false},"excerpt":{"rendered":"<p>Alfa. EL INICIO. El comienzo de una obra, la idea m\u00e1s brillante, proyecto en potencia, coeficiente significativo, soluci\u00f3n inteligente, funcionalidad, transparencia y unidad, entre otras.<\/p>\n","protected":false},"author":1,"featured_media":61,"parent":0,"menu_order":0,"comment_status":"closed","ping_status":"closed","template":"","meta":{"footnotes":""},"class_list":["post-206","page","type-page","status-publish","has-post-thumbnail","hentry"],"_links":{"self":[{"href":"https:\/\/alfacuatro.com\/index.php?rest_route=\/wp\/v2\/pages\/206","targetHints":{"allow":["GET"]}}],"collection":[{"href":"https:\/\/alfacuatro.com\/index.php?rest_route=\/wp\/v2\/pages"}],"about":[{"href":"https:\/\/alfacuatro.com\/index.php?rest_route=\/wp\/v2\/types\/page"}],"author":[{"embeddable":true,"href":"https:\/\/alfacuatro.com\/index.php?rest_route=\/wp\/v2\/users\/1"}],"replies":[{"embeddable":true,"href":"https:\/\/alfacuatro.com\/index.php?rest_route=%2Fwp%2Fv2%2Fcomments&post=206"}],"version-history":[{"count":2,"href":"https:\/\/alfacuatro.com\/index.php?rest_route=\/wp\/v2\/pages\/206\/revisions"}],"predecessor-version":[{"id":227,"href":"https:\/\/alfacuatro.com\/index.php?rest_route=\/wp\/v2\/pages\/206\/revisions\/227"}],"wp:featuredmedia":[{"embeddable":true,"href":"https:\/\/alfacuatro.com\/index.php?rest_route=\/wp\/v2\/media\/61"}],"wp:attachment":[{"href":"https:\/\/alfacuatro.com\/index.php?rest_route=%2Fwp%2Fv2%2Fmedia&parent=206"}],"curies":[{"name":"wp","href":"https:\/\/api.w.org\/{rel}","templated":true}]}}