{"id":198,"date":"2026-01-15T02:20:18","date_gmt":"2026-01-15T02:20:18","guid":{"rendered":"http:\/\/alfacuatro.com.dream.website\/?page_id=198"},"modified":"2026-01-16T01:29:50","modified_gmt":"2026-01-16T01:29:50","slug":"sample-page-2","status":"publish","type":"page","link":"https:\/\/alfacuatro.com\/","title":{"rendered":"El Despacho"},"content":{"rendered":"\n<style type=\"text\/css\" data-created_by=\"avia_inline_auto\" id=\"style-css-av-mketo056-9b75adf4b214df681ce32444704df73f\">\n.avia-section.av-mketo056-9b75adf4b214df681ce32444704df73f{\nbackground-repeat:no-repeat;\nbackground-image:url(https:\/\/alfacuatro.com\/wp-content\/uploads\/2015\/06\/elefante1.jpg);\nbackground-position:0% 0%;\nbackground-attachment:scroll;\n}\n<\/style>\n<div id='av_section_1'  class='avia-section av-mketo056-9b75adf4b214df681ce32444704df73f main_color avia-section-default avia-no-border-styling  avia-builder-el-0  el_before_av_textblock  avia-builder-el-first  avia-full-stretch avia-bg-style-scroll av-minimum-height av-minimum-height-25 av-height-25  container_wrap fullsize'  data-section-bg-repeat='stretch' data-av_minimum_height_pc='25' data-av_min_height_opt='25'><div class='container av-section-cont-open' ><main  role=\"main\" itemprop=\"mainContentOfPage\"  class='template-page content  av-content-full alpha units'><div class='post-entry post-entry-type-page post-entry-198'><div class='entry-content-wrapper clearfix'>\n\n<style type=\"text\/css\" data-created_by=\"avia_inline_auto\" id=\"style-css-av-mketn2uc-3e78542bab5d58dbb554d38d79ee2617\">\n#top .av_textblock_section.av-mketn2uc-3e78542bab5d58dbb554d38d79ee2617 .avia_textblock{\ntext-align:center;\n}\n<\/style>\n<section  class='av_textblock_section av-mketn2uc-3e78542bab5d58dbb554d38d79ee2617 '   itemscope=\"itemscope\" itemtype=\"https:\/\/schema.org\/CreativeWork\" ><div class='avia_textblock'  itemprop=\"text\" ><h1>El Despacho<\/h1>\n<\/div><\/section>\n<\/div><\/div><\/main><!-- close content main element --><\/div><\/div><div id='after_section_1'  class='main_color av_default_container_wrap container_wrap fullsize'  ><div class='container av-section-cont-open' ><div class='template-page content  av-content-full alpha units'><div class='post-entry post-entry-type-page post-entry-198'><div class='entry-content-wrapper clearfix'>\n<section  class='av_textblock_section av-7oimm-71c6bd9a5b83000313461957b0d01d44 '   itemscope=\"itemscope\" itemtype=\"https:\/\/schema.org\/CreativeWork\" ><div class='avia_textblock'  itemprop=\"text\" ><div class=\"entry-content container clearfix\">\n<p><span style=\"color: #ff6600;\"><strong>Alfa.<\/strong><\/span> EL INICIO. El comienzo de una obra, la idea m\u00e1s brillante, proyecto en potencia, coeficiente significativo, soluci\u00f3n inteligente, funcionalidad, transparencia y unidad, entre otras.<\/p>\n<p><strong><span style=\"color: #ff6600;\">Cuatro. <\/span><\/strong>La representaci\u00f3n de los cuatro puntos cardinales lleva impl\u00edcita nuestra capacidad para desarrollar proyectos creativos y funcionales en cualquier \u00e1mbito de car\u00e1cter empresarial, institucional e individual, as\u00ed como el compromiso por involucrarnos, de principio a fin, con todos nuestros recursos, en cada uno de \u00e9stos.<\/p>\n<p><strong><span style=\"color: #ff6600;\">Comunicaci\u00f3n. <\/span><\/strong>Nos regimos por el principio de que el mundo est\u00e1 en constante evoluci\u00f3n, y con ello, las formas para transmitir mensajes, ideas y conceptos. Es precisamente en este campo de la comunicaci\u00f3n donde se manifiesta nuestra experiencia y nuestro talento para concretar productos que sean una verdadera soluci\u00f3n a sus necesidades.<\/p>\n<p><strong><span style=\"color: #ff6600;\">Concepto global. <\/span><\/strong>La integraci\u00f3n de estos tres elementos es el fundamento que describe a <strong>ALFA CUATRO COMUNICACI\u00d3N<\/strong>: una agencia de medios editoriales, publicitarios y de comunicaci\u00f3n con una alta capacidad para apoyar el impulso de su marca o empresa.<\/p>\n<\/div>\n<\/div><\/section>\n","protected":false},"excerpt":{"rendered":"<p>Alfa. EL INICIO. El comienzo de una obra, la idea m\u00e1s brillante, proyecto en potencia, coeficiente significativo, soluci\u00f3n inteligente, funcionalidad, transparencia y unidad, entre otras.<\/p>\n","protected":false},"author":1,"featured_media":61,"parent":0,"menu_order":0,"comment_status":"closed","ping_status":"closed","template":"","meta":{"footnotes":""},"class_list":["post-198","page","type-page","status-publish","has-post-thumbnail","hentry"],"_links":{"self":[{"href":"https:\/\/alfacuatro.com\/index.php?rest_route=\/wp\/v2\/pages\/198","targetHints":{"allow":["GET"]}}],"collection":[{"href":"https:\/\/alfacuatro.com\/index.php?rest_route=\/wp\/v2\/pages"}],"about":[{"href":"https:\/\/alfacuatro.com\/index.php?rest_route=\/wp\/v2\/types\/page"}],"author":[{"embeddable":true,"href":"https:\/\/alfacuatro.com\/index.php?rest_route=\/wp\/v2\/users\/1"}],"replies":[{"embeddable":true,"href":"https:\/\/alfacuatro.com\/index.php?rest_route=%2Fwp%2Fv2%2Fcomments&post=198"}],"version-history":[{"count":9,"href":"https:\/\/alfacuatro.com\/index.php?rest_route=\/wp\/v2\/pages\/198\/revisions"}],"predecessor-version":[{"id":239,"href":"https:\/\/alfacuatro.com\/index.php?rest_route=\/wp\/v2\/pages\/198\/revisions\/239"}],"wp:featuredmedia":[{"embeddable":true,"href":"https:\/\/alfacuatro.com\/index.php?rest_route=\/wp\/v2\/media\/61"}],"wp:attachment":[{"href":"https:\/\/alfacuatro.com\/index.php?rest_route=%2Fwp%2Fv2%2Fmedia&parent=198"}],"curies":[{"name":"wp","href":"https:\/\/api.w.org\/{rel}","templated":true}]}}